{"id":917,"date":"2018-12-03T10:34:40","date_gmt":"2018-12-03T09:34:40","guid":{"rendered":"https:\/\/www.runforlife.eu\/alzheimer\/"},"modified":"2019-08-08T08:27:14","modified_gmt":"2019-08-08T06:27:14","slug":"alzheimer","status":"publish","type":"page","link":"https:\/\/www.runforlife.eu\/it\/alzheimer\/","title":{"rendered":"Run For Alzheimer S\u00fcdtirol ASAA"},"content":{"rendered":"<p><img data-recalc-dims=\"1\" loading=\"lazy\" decoding=\"async\" class=\"fullimage aligncenter wp-image-1055 size-full\" src=\"https:\/\/i0.wp.com\/www.runforlife.eu\/wp-content\/uploads\/3589_18_Alzheimer_Website-2.jpg?resize=1024%2C878&#038;ssl=1\" alt=\"\" width=\"1024\" height=\"878\" srcset=\"https:\/\/i0.wp.com\/www.runforlife.eu\/wp-content\/uploads\/3589_18_Alzheimer_Website-2.jpg?w=1700&amp;ssl=1 1700w, https:\/\/i0.wp.com\/www.runforlife.eu\/wp-content\/uploads\/3589_18_Alzheimer_Website-2.jpg?resize=300%2C257&amp;ssl=1 300w, https:\/\/i0.wp.com\/www.runforlife.eu\/wp-content\/uploads\/3589_18_Alzheimer_Website-2.jpg?resize=768%2C658&amp;ssl=1 768w, https:\/\/i0.wp.com\/www.runforlife.eu\/wp-content\/uploads\/3589_18_Alzheimer_Website-2.jpg?resize=1024%2C878&amp;ssl=1 1024w, https:\/\/i0.wp.com\/www.runforlife.eu\/wp-content\/uploads\/3589_18_Alzheimer_Website-2.jpg?resize=1167%2C1000&amp;ssl=1 1167w\" sizes=\"auto, (max-width: 709px) 85vw, (max-width: 909px) 67vw, (max-width: 1362px) 62vw, 840px\" \/><\/p>\n<p style=\"text-align: center;\"><span style=\"color: #c7372f;\"><strong>Run for Life S\u00fcdtirol goes New York City Marathon 2019<\/strong><\/span><\/p>\n<p style=\"text-align: center;\"><span style=\"color: #c7372f;\">\u00a0 40 anni NYC Marathon (1979-2019) &#8211; Alfred Monsorno ( Montagna)<\/span><\/p>\n<p><strong>\u00a0 \u00a0 \u00a0 \u00a0 \u00a0 \u00a0\u00a0 Con il Patrocinio:<\/strong><\/p>\n<p><strong>Dott. Arno Kompatscher &#8211; Presidente della Provincia Autonoma die Bolzano\u00a0<\/strong><\/p>\n<p><strong>\u00a0 \u00a0 \u00a0 \u00a0 \u00a0 Monika Hilber Delvai- Sindaca di Montagna<\/strong><\/p>\n<p>&nbsp;<\/p>\n<p><a href=\"https:\/\/i0.wp.com\/www.runforlife.eu\/wp-content\/uploads\/suedtirol1.jpg?ssl=1\" rel=\"lightbox[917]\"><img data-recalc-dims=\"1\" loading=\"lazy\" decoding=\"async\" class=\"aligncenter size-medium wp-image-1099\" src=\"https:\/\/i0.wp.com\/www.runforlife.eu\/wp-content\/uploads\/suedtirol1.jpg?resize=300%2C124&#038;ssl=1\" alt=\"\" width=\"300\" height=\"124\" srcset=\"https:\/\/i0.wp.com\/www.runforlife.eu\/wp-content\/uploads\/suedtirol1.jpg?resize=300%2C124&amp;ssl=1 300w, https:\/\/i0.wp.com\/www.runforlife.eu\/wp-content\/uploads\/suedtirol1.jpg?w=500&amp;ssl=1 500w\" sizes=\"auto, (max-width: 300px) 85vw, 300px\" \/><\/a><\/p>\n<p>&nbsp;<\/p>\n<p style=\"text-align: left;\"><strong><a href=\"https:\/\/i0.wp.com\/www.runforlife.eu\/wp-content\/uploads\/IMG_20190226_083350.jpg?ssl=1\" rel=\"lightbox[917]\"><img data-recalc-dims=\"1\" loading=\"lazy\" decoding=\"async\" class=\"alignleft wp-image-1096 size-medium\" src=\"https:\/\/i0.wp.com\/www.runforlife.eu\/wp-content\/uploads\/IMG_20190226_083350.jpg?resize=260%2C300&#038;ssl=1\" alt=\"\" width=\"260\" height=\"300\" srcset=\"https:\/\/i0.wp.com\/www.runforlife.eu\/wp-content\/uploads\/IMG_20190226_083350.jpg?resize=260%2C300&amp;ssl=1 260w, https:\/\/i0.wp.com\/www.runforlife.eu\/wp-content\/uploads\/IMG_20190226_083350.jpg?resize=768%2C885&amp;ssl=1 768w, https:\/\/i0.wp.com\/www.runforlife.eu\/wp-content\/uploads\/IMG_20190226_083350.jpg?w=781&amp;ssl=1 781w\" sizes=\"auto, (max-width: 260px) 85vw, 260px\" \/><\/a>Motivazione:<\/strong> Vivere momenti indimenticabili, raggiungere traguardi comuni: nell\u2019autunno 2019 corre il 40\u00b0 anniversario della mia prima partecipazione al New York City Marathon. Sono stato il primo sudtirolese a correre, il 21 ottobre del 1979, la maratona pi\u00f9 famosa del mondo, quella del Big Apple. Ne conservo ricordi che mi commuovono ancora. Ora, nell\u2019anno a venire, esattamente 40 anni dopo, vorrei ripetere il progetto di allora \u2013 questa volta, in modo un po\u2018 diverso. Infatti, per la prima volta, vorrei correre attraverso i 42,195 km che toccano tutti i cinque quartieri di New York insieme a miei figli Thomas e Benjamin. E\u2018 un sogno covato a lungo, correre il NY City Marathon insieme con i\u00a0 miei figli, che ora, a 67 anni, mi sembra a portata di mano.<\/p>\n<p style=\"text-align: left;\">Per\u00f2 vorrei approfittare di questa occasione anche per pensare a tutti i miei compaesani che, a causa della loro malattia dementigena non riescono a correre una maratona come me oppure hanno perso il ricordo dei momenti pi\u00f9 felici della loro vita. Il pensiero di queste persone mi dar\u00e0 una carica ulteriore per tutte le corse preparatorie da superare, fino ai 40.000 passi finali a New York.<\/p>\n<p style=\"text-align: left;\">Pertanto, dedico il mio progetto <strong>Charity <\/strong><strong><u>Run For Alzheimer S\u00fcdtirol<\/u><\/strong> all\u2019associazione Alzheimer S\u00fcdtirol Alto Adige ASAA .<\/p>\n<p style=\"text-align: left;\"><strong>Possibili partner del mio progetto: <\/strong>imprese, istituzioni, asssociazioni, amici e conoscenti interessati che intendano offrire un contributo per ogni chilometro superato della maratona (42,195 km).<\/p>\n<p>\u00a0 \u00a0 \u00a0 \u00a0 \u00a0 \u00a0 \u00a0 \u00a0 \u00a0 \u00a0 \u00a0 \u00a0 \u00a0 \u00a0 \u00a0 \u00a0 \u00a0 \u00a0 \u00a0 \u00a0\u00a0 <strong>WE RUN- WE HELP-WE GIVE !<\/strong><\/p>\n<p style=\"text-align: left;\"><b>Offerta minima per chilometro: <\/b>\u20ac 10 = \u20ac 420\u00a0per 42,195 km.<br \/>\nOgni partner ricever\u00e0 una foto speciale, completa del suo logo e di un messaggio di saluto, dal traguardo al Central Park.<\/p>\n<p style=\"text-align: left;\">P.es:<br \/>\n<img data-recalc-dims=\"1\" loading=\"lazy\" decoding=\"async\" class=\"alignnone size-medium wp-image-939\" src=\"https:\/\/i0.wp.com\/www.runforlife.eu\/wp-content\/uploads\/sponsor.jpg?resize=300%2C125&#038;ssl=1\" alt=\"\" width=\"300\" height=\"125\" srcset=\"https:\/\/i0.wp.com\/www.runforlife.eu\/wp-content\/uploads\/sponsor.jpg?resize=300%2C125&amp;ssl=1 300w, https:\/\/i0.wp.com\/www.runforlife.eu\/wp-content\/uploads\/sponsor.jpg?resize=768%2C319&amp;ssl=1 768w, https:\/\/i0.wp.com\/www.runforlife.eu\/wp-content\/uploads\/sponsor.jpg?w=800&amp;ssl=1 800w\" sizes=\"auto, (max-width: 300px) 85vw, 300px\" \/> \u00a0 \u00a0\u00a0 Singolo chilometro offerta minima \u20ac 100 senza Foto<\/p>\n<p><strong>I NOSTRI PARTNER \/ FRIENDS : 09.05.2019<\/strong><br \/>\n<em><b>Effekt Srl Egna \/ Franz Haas Srl Montagna \/\u00a0 Bergmilch S\u00fcdtirol (Mila) \/\u00a0 Reisedienst Luis Pichler Bolzano\u00a0 \/ Berggasthof Dorfnerhof Casignano Montagna \/\u00a0 Kiku Srl Cornaiano \/ Exzelent Re Srl Bolzano\u00a0 \/ Clematis Blumen Egna \u00a0 \/ EA Economia Alto Adige\u00a0 \/\u00a0 B\u00e4ckerwirt Leogang (A) \/ Gartner Sports Bolzano \/ New Balance Bolzano \/ Br\u00fctting EB Sport Intern.(GER) \/ Die K\u00fcche by Untermarzoner Appiano \/ ASD Unterland Fitness Termeno\u00a0 \/ Cinematic Andreas &amp; Julian Chiusa \/ Evelina SrL Egna \/ Raiffeisenverband S\u00fcdtirol \/ FRE-EL Green Power Bolzano \/ Christian Anderlan Bolzano \/ Paul R\u00f6sch , Sindaco di Merano \/ Cantina Termeno \/ Podini Alessandro Bolzano \/ Global Solution \/ Cantina Cortaccia \/ Hans Kammerlander Scalatore \/ Doro Wierer Biathlon \/ Dominik Windisch Biathlon \/ Peter Fill Discesa \/ Andrea V\u00f6tter Slittino \/<\/b><\/em><\/p>\n<p><strong>Limited Edition T Shirt<\/strong> (100) trovate presso:<\/p>\n<p><strong>Agenzia Viaggi Luis Pichler<\/strong> a Bolzano Via Piave 16 Tel 0471 976065<\/p>\n<p><strong>Die Laufboutique<\/strong> a Merano Piazza Duomo 33 tel 0473 211142<\/p>\n<p>km\u00a0 1 B\u00e4ckerwirt Leogang (A)<\/p>\n<p>km 2 Roland Monsorno\u00a0 Montagna<\/p>\n<p>km\u00a0 3 Manni Feichter Campo Tures<\/p>\n<p>k m 4 Birgit Klammer\u00a0 Val Gardena<\/p>\n<p>km\u00a0 5 Josef Unterholzner Lana<\/p>\n<p>km\u00a0 6 Autosalon Egna<\/p>\n<p>km 7 Lisa Rizzolli Montagna<\/p>\n<p>km 12 Riccardo Tonetti BZ<\/p>\n<p>km 41 Monika Delvai Sindaca Montagna<\/p>\n<p>km 41 Pichler Horst Sindaco Egna<\/p>\n<p>km 41 Manfred Mayr Sindaco Cortina AA<\/p>\n<p>km 41 Roland Lazzeri Sindaco Salorno<\/p>\n<p>km 41 Michael Epp Sindaco Trodena<\/p>\n<p>km 42 Vecchie Glorie Montagna<\/p>\n<p>mt 195 Fitness Unterland PATRICK<\/p>\n<p><b>\u00a0 \u00a0\u00a0 km 21 LS Consulting\u00a0 Luca Pandini- Togehter we RUN FOR ALZHEIMER !<\/b><\/p>\n<p style=\"text-align: left;\"><b><\/b><img data-recalc-dims=\"1\" loading=\"lazy\" decoding=\"async\" class=\"alignleft wp-image-945\" src=\"https:\/\/i0.wp.com\/www.runforlife.eu\/wp-content\/uploads\/alfred_ny.jpg?resize=400%2C569&#038;ssl=1\" alt=\"\" width=\"400\" height=\"569\" srcset=\"https:\/\/i0.wp.com\/www.runforlife.eu\/wp-content\/uploads\/alfred_ny.jpg?resize=211%2C300&amp;ssl=1 211w, https:\/\/i0.wp.com\/www.runforlife.eu\/wp-content\/uploads\/alfred_ny.jpg?resize=768%2C1092&amp;ssl=1 768w, https:\/\/i0.wp.com\/www.runforlife.eu\/wp-content\/uploads\/alfred_ny.jpg?resize=720%2C1024&amp;ssl=1 720w, https:\/\/i0.wp.com\/www.runforlife.eu\/wp-content\/uploads\/alfred_ny.jpg?resize=703%2C1000&amp;ssl=1 703w, https:\/\/i0.wp.com\/www.runforlife.eu\/wp-content\/uploads\/alfred_ny.jpg?w=1500&amp;ssl=1 1500w\" sizes=\"auto, (max-width: 400px) 85vw, 400px\" \/>Anche gli amici e i conoscenti possono dare un\u2019offerta \u2013 senza contributo minimo!<\/p>\n<p style=\"text-align: left;\">Le offerte saranno convolute direttamente all\u2019associazione <strong>Alzheimer S\u00fcdtirol Alto Adige<\/strong> che consegner\u00e0 a tutti le quietanze del caso.<\/p>\n<p style=\"text-align: left;\"><strong>NB:<\/strong> Questo progetto non vuole tener conto dei tempi di gara, n\u00e9 \u00e8 inteso come pubblicit\u00e0 personale, si tratta unicamente di sensibilizzazione per la tematica dell\u2018 Alzheimer nel nostro territorio. <strong>Vorrei pertanto sottolineare che le spese di viaggio e della partecipazione rimarranno a nostro carico e non interesseranno minimamente le offerte che saranno devolute per il 100% direttamente all\u2019associazione ASAA &#8211; Alzheimer S\u00fcdtirol Alto Adige.<\/strong><\/p>\n<p style=\"text-align: left;\"><strong>Ulteriori informazioni:<\/strong><a href=\"http:\/\/www.runforlife.eu\/alzheimer\"><br \/>\n<\/a>Email: <a href=\"mailto:info@runforlife.eu\">info@runforlife.eu<br \/>\n<\/a>Tel. \u00a0+39 339 87 52\u00a0544<\/p>\n<p style=\"text-align: left;\"><em><strong>Alzheimer Vereinigung S\u00fcdtirol Alto Adige<\/strong><br \/>\n<\/em>Indirizzo: Palazzo Altmann<br \/>\nPiazza Gries 18<br \/>\n39100 Bolzano<br \/>\nSito: <a href=\"http:\/\/www.alzheimer.bz.it\">www.alzheimer.bz.it<br \/>\n<\/a>Email: <a href=\"mailto:info@asaa.it\">info@asaa.it<br \/>\n<\/a>Tel.: 0471 051 951<\/p>\n<p>&nbsp;<\/p>\n<p>&nbsp;<\/p>\n<p style=\"text-align: center;\">Coordinate bancarie Raika Bolzano \/ Gries<br \/>\nAlzheimervereinigung S\u00fcdtirol ASAA<br \/>\nIT45A0808111601000301005201<br \/>\nCausale: Run For Alzheimer S\u00fcdtirol 2019<\/p>\n<p style=\"text-align: center;\">Si prega di inviare il <strong>certificato di bonifico<\/strong>, insieme al <strong>logo<\/strong> della ditta a: <a href=\"mailto:info@runforlife.eu\">info@runforlife.eu<\/a><\/p>\n","protected":false},"excerpt":{"rendered":"<p>Run for Life S\u00fcdtirol goes New York City Marathon 2019 \u00a0 40 anni NYC Marathon (1979-2019) &#8211; Alfred Monsorno ( Montagna) \u00a0 \u00a0 \u00a0 \u00a0 \u00a0 \u00a0\u00a0 Con il Patrocinio: [&hellip;]<\/p>\n","protected":false},"author":1,"featured_media":0,"parent":0,"menu_order":0,"comment_status":"closed","ping_status":"closed","template":"template-alzheimer.php","meta":{"_acf_changed":false,"jetpack_post_was_ever_published":false,"footnotes":""},"class_list":["post-917","page","type-page","status-publish","hentry"],"acf":[],"yoast_head":"<!-- This site is optimized with the Yoast SEO plugin v25.2 - https:\/\/yoast.com\/wordpress\/plugins\/seo\/ -->\n<title>Run For Alzheimer S\u00fcdtirol ASAA - Runforlife S\u00fcdtirol<\/title>\n<meta name=\"robots\" content=\"index, follow, max-snippet:-1, max-image-preview:large, max-video-preview:-1\" \/>\n<link rel=\"canonical\" href=\"https:\/\/www.runforlife.eu\/alzheimer\/\" \/>\n<meta property=\"og:locale\" content=\"it_IT\" \/>\n<meta property=\"og:type\" content=\"article\" \/>\n<meta property=\"og:title\" content=\"Run For Alzheimer S\u00fcdtirol ASAA - Runforlife S\u00fcdtirol\" \/>\n<meta property=\"og:description\" content=\"Run for Life S\u00fcdtirol goes New York City Marathon 2019 \u00a0 40 anni NYC Marathon (1979-2019) &#8211; Alfred Monsorno ( Montagna) \u00a0 \u00a0 \u00a0 \u00a0 \u00a0 \u00a0\u00a0 Con il Patrocinio: [&hellip;]\" \/>\n<meta property=\"og:url\" content=\"https:\/\/www.runforlife.eu\/alzheimer\/\" \/>\n<meta property=\"og:site_name\" content=\"Runforlife S\u00fcdtirol\" \/>\n<meta property=\"article:modified_time\" content=\"2019-08-08T06:27:14+00:00\" \/>\n<meta property=\"og:image\" content=\"https:\/\/www.runforlife.eu\/wp-content\/uploads\/3589_18_Alzheimer_Website-2.jpg\" \/>\n<meta name=\"twitter:card\" content=\"summary_large_image\" \/>\n<meta name=\"twitter:label1\" content=\"Tempo di lettura stimato\" \/>\n\t<meta name=\"twitter:data1\" content=\"3 minuti\" \/>\n<script type=\"application\/ld+json\" class=\"yoast-schema-graph\">{\"@context\":\"https:\/\/schema.org\",\"@graph\":[{\"@type\":\"WebPage\",\"@id\":\"https:\/\/www.runforlife.eu\/alzheimer\/\",\"url\":\"https:\/\/www.runforlife.eu\/alzheimer\/\",\"name\":\"Run For Alzheimer S\u00fcdtirol ASAA - Runforlife S\u00fcdtirol\",\"isPartOf\":{\"@id\":\"https:\/\/www.runforlife.eu\/#website\"},\"primaryImageOfPage\":{\"@id\":\"https:\/\/www.runforlife.eu\/alzheimer\/#primaryimage\"},\"image\":{\"@id\":\"https:\/\/www.runforlife.eu\/alzheimer\/#primaryimage\"},\"thumbnailUrl\":\"https:\/\/www.runforlife.eu\/wp-content\/uploads\/3589_18_Alzheimer_Website-2.jpg\",\"datePublished\":\"2018-12-03T09:34:40+00:00\",\"dateModified\":\"2019-08-08T06:27:14+00:00\",\"breadcrumb\":{\"@id\":\"https:\/\/www.runforlife.eu\/alzheimer\/#breadcrumb\"},\"inLanguage\":\"it-IT\",\"potentialAction\":[{\"@type\":\"ReadAction\",\"target\":[\"https:\/\/www.runforlife.eu\/alzheimer\/\"]}]},{\"@type\":\"ImageObject\",\"inLanguage\":\"it-IT\",\"@id\":\"https:\/\/www.runforlife.eu\/alzheimer\/#primaryimage\",\"url\":\"https:\/\/www.runforlife.eu\/wp-content\/uploads\/3589_18_Alzheimer_Website-2.jpg\",\"contentUrl\":\"https:\/\/www.runforlife.eu\/wp-content\/uploads\/3589_18_Alzheimer_Website-2.jpg\"},{\"@type\":\"BreadcrumbList\",\"@id\":\"https:\/\/www.runforlife.eu\/alzheimer\/#breadcrumb\",\"itemListElement\":[{\"@type\":\"ListItem\",\"position\":1,\"name\":\"Home\",\"item\":\"https:\/\/www.runforlife.eu\/it\/\"},{\"@type\":\"ListItem\",\"position\":2,\"name\":\"Run For Alzheimer S\u00fcdtirol ASAA\"}]},{\"@type\":\"WebSite\",\"@id\":\"https:\/\/www.runforlife.eu\/#website\",\"url\":\"https:\/\/www.runforlife.eu\/\",\"name\":\"Runforlife S\u00fcdtirol\",\"description\":\"\",\"potentialAction\":[{\"@type\":\"SearchAction\",\"target\":{\"@type\":\"EntryPoint\",\"urlTemplate\":\"https:\/\/www.runforlife.eu\/?s={search_term_string}\"},\"query-input\":{\"@type\":\"PropertyValueSpecification\",\"valueRequired\":true,\"valueName\":\"search_term_string\"}}],\"inLanguage\":\"it-IT\"}]}<\/script>\n<!-- \/ Yoast SEO plugin. -->","yoast_head_json":{"title":"Run For Alzheimer S\u00fcdtirol ASAA - Runforlife S\u00fcdtirol","robots":{"index":"index","follow":"follow","max-snippet":"max-snippet:-1","max-image-preview":"max-image-preview:large","max-video-preview":"max-video-preview:-1"},"canonical":"https:\/\/www.runforlife.eu\/alzheimer\/","og_locale":"it_IT","og_type":"article","og_title":"Run For Alzheimer S\u00fcdtirol ASAA - Runforlife S\u00fcdtirol","og_description":"Run for Life S\u00fcdtirol goes New York City Marathon 2019 \u00a0 40 anni NYC Marathon (1979-2019) &#8211; Alfred Monsorno ( Montagna) \u00a0 \u00a0 \u00a0 \u00a0 \u00a0 \u00a0\u00a0 Con il Patrocinio: [&hellip;]","og_url":"https:\/\/www.runforlife.eu\/alzheimer\/","og_site_name":"Runforlife S\u00fcdtirol","article_modified_time":"2019-08-08T06:27:14+00:00","og_image":[{"url":"https:\/\/www.runforlife.eu\/wp-content\/uploads\/3589_18_Alzheimer_Website-2.jpg","type":"","width":"","height":""}],"twitter_card":"summary_large_image","twitter_misc":{"Tempo di lettura stimato":"3 minuti"},"schema":{"@context":"https:\/\/schema.org","@graph":[{"@type":"WebPage","@id":"https:\/\/www.runforlife.eu\/alzheimer\/","url":"https:\/\/www.runforlife.eu\/alzheimer\/","name":"Run For Alzheimer S\u00fcdtirol ASAA - Runforlife S\u00fcdtirol","isPartOf":{"@id":"https:\/\/www.runforlife.eu\/#website"},"primaryImageOfPage":{"@id":"https:\/\/www.runforlife.eu\/alzheimer\/#primaryimage"},"image":{"@id":"https:\/\/www.runforlife.eu\/alzheimer\/#primaryimage"},"thumbnailUrl":"https:\/\/www.runforlife.eu\/wp-content\/uploads\/3589_18_Alzheimer_Website-2.jpg","datePublished":"2018-12-03T09:34:40+00:00","dateModified":"2019-08-08T06:27:14+00:00","breadcrumb":{"@id":"https:\/\/www.runforlife.eu\/alzheimer\/#breadcrumb"},"inLanguage":"it-IT","potentialAction":[{"@type":"ReadAction","target":["https:\/\/www.runforlife.eu\/alzheimer\/"]}]},{"@type":"ImageObject","inLanguage":"it-IT","@id":"https:\/\/www.runforlife.eu\/alzheimer\/#primaryimage","url":"https:\/\/www.runforlife.eu\/wp-content\/uploads\/3589_18_Alzheimer_Website-2.jpg","contentUrl":"https:\/\/www.runforlife.eu\/wp-content\/uploads\/3589_18_Alzheimer_Website-2.jpg"},{"@type":"BreadcrumbList","@id":"https:\/\/www.runforlife.eu\/alzheimer\/#breadcrumb","itemListElement":[{"@type":"ListItem","position":1,"name":"Home","item":"https:\/\/www.runforlife.eu\/it\/"},{"@type":"ListItem","position":2,"name":"Run For Alzheimer S\u00fcdtirol ASAA"}]},{"@type":"WebSite","@id":"https:\/\/www.runforlife.eu\/#website","url":"https:\/\/www.runforlife.eu\/","name":"Runforlife S\u00fcdtirol","description":"","potentialAction":[{"@type":"SearchAction","target":{"@type":"EntryPoint","urlTemplate":"https:\/\/www.runforlife.eu\/?s={search_term_string}"},"query-input":{"@type":"PropertyValueSpecification","valueRequired":true,"valueName":"search_term_string"}}],"inLanguage":"it-IT"}]}},"jetpack_sharing_enabled":true,"jetpack_shortlink":"https:\/\/wp.me\/P8QlIW-eN","_links":{"self":[{"href":"https:\/\/www.runforlife.eu\/it\/wp-json\/wp\/v2\/pages\/917","targetHints":{"allow":["GET"]}}],"collection":[{"href":"https:\/\/www.runforlife.eu\/it\/wp-json\/wp\/v2\/pages"}],"about":[{"href":"https:\/\/www.runforlife.eu\/it\/wp-json\/wp\/v2\/types\/page"}],"author":[{"embeddable":true,"href":"https:\/\/www.runforlife.eu\/it\/wp-json\/wp\/v2\/users\/1"}],"replies":[{"embeddable":true,"href":"https:\/\/www.runforlife.eu\/it\/wp-json\/wp\/v2\/comments?post=917"}],"version-history":[{"count":0,"href":"https:\/\/www.runforlife.eu\/it\/wp-json\/wp\/v2\/pages\/917\/revisions"}],"wp:attachment":[{"href":"https:\/\/www.runforlife.eu\/it\/wp-json\/wp\/v2\/media?parent=917"}],"curies":[{"name":"wp","href":"https:\/\/api.w.org\/{rel}","templated":true}]}}